{"id":23,"date":"2024-02-05T13:09:19","date_gmt":"2024-02-05T12:09:19","guid":{"rendered":"http:\/\/www.anidrom.es\/?page_id=23"},"modified":"2024-02-06T10:33:06","modified_gmt":"2024-02-06T09:33:06","slug":"empresa","status":"publish","type":"page","link":"https:\/\/www.anidrom.es\/index.php\/empresa\/","title":{"rendered":"EMPRESA"},"content":{"rendered":"\n<hr class=\"wp-block-separator has-alpha-channel-opacity\"\/>\n\n\n\n<div class=\"wp-block-columns is-layout-flex wp-container-core-columns-is-layout-9d6595d7 wp-block-columns-is-layout-flex\">\n<div class=\"wp-block-column is-layout-flow wp-block-column-is-layout-flow\">\n<figure class=\"wp-block-image alignfull size-full\"><img loading=\"lazy\" decoding=\"async\" width=\"280\" height=\"178\" src=\"https:\/\/www.anidrom.es\/wp-content\/uploads\/2024\/02\/empresa-1.jpg\" alt=\"\" class=\"wp-image-61\"\/><\/figure>\n<\/div>\n\n\n\n<div class=\"wp-block-column is-layout-flow wp-block-column-is-layout-flow\">\n<p><strong><br>ANIDROM<\/strong>, es una empresa de&nbsp;<strong>Ayuda a Domicilio<\/strong>, que desde el 15 de abril de 2010 est\u00e1 inscrita en el registro \u00fanico de Entidades Prestadoras de Servicios Sociales E-2220 \/ P.001 de la Xunta de Galicia, como&nbsp;<strong>Programa de Ayuda en el Hogar Anidrom<\/strong>. El nuestro es un servicio de atenci\u00f3n profesional prestado en el domicilio de la persona en situaci\u00f3n de&nbsp;<strong>dependencia<\/strong>&nbsp;o en riesgo de llegar a ella.<\/p>\n<\/div>\n<\/div>\n\n\n\n<hr class=\"wp-block-separator has-alpha-channel-opacity\"\/>\n\n\n\n<p><strong>La dependencia<\/strong>&nbsp;es un estado en el que se encuentran las personas, y no un atributo consustancial de las mismas.<\/p>\n\n\n\n<hr class=\"wp-block-separator has-alpha-channel-opacity\"\/>\n\n\n\n<p>Por lo tanto, la dependencia, no es una situaci\u00f3n inamovible, si no que es una situaci\u00f3n susceptible de ser modificada- en mayor o menor grado, siempre que se dote a las personas de instrumentos \u00fatiles para el entrenamiento de las habilidades perdidas u olvidadas por la situaci\u00f3n causante de la dependencia (enfermedad, accidente, envejecimiento\u2026)<\/p>\n\n\n\n<p><a href=\"https:\/\/www.anidrom.es\/wp-content\/uploads\/2024\/02\/RESULTADO-ENCUESTAS-DE-SATISFACION-CASTELLANO.pdf\" data-type=\"link\" data-id=\"https:\/\/www.anidrom.es\/wp-content\/uploads\/2024\/02\/RESULTADO-ENCUESTAS-DE-SATISFACION-CASTELLANO.pdf\">VER\u00a0RESULTADO ENCUESTAS DE SATISFACI\u00d3N<\/a><\/p>\n\n\n\n<p><a href=\"https:\/\/www.anidrom.es\/wp-content\/uploads\/2024\/02\/MEMORIA-ANUAL-ANIDROM-2020.pdf\" data-type=\"link\" data-id=\"https:\/\/www.anidrom.es\/wp-content\/uploads\/2024\/02\/MEMORIA-ANUAL-ANIDROM-2020.pdf\">VER MEMORIA ANUAL<\/a><\/p>\n","protected":false},"excerpt":{"rendered":"<p>ANIDROM, es una empresa de&nbsp;Ayuda a Domicilio, que desde el 15 de abril de 2010 est\u00e1 inscrita en el registro \u00fanico de Entidades Prestadoras de Servicios Sociales E-2220 \/ P.001 de la Xunta de Galicia, como&nbsp;Programa de Ayuda en el Hogar Anidrom. El nuestro es un servicio de atenci\u00f3n profesional prestado en el domicilio de&hellip;<\/p>\n","protected":false},"author":1,"featured_media":0,"parent":0,"menu_order":0,"comment_status":"closed","ping_status":"closed","template":"","meta":{"footnotes":""},"class_list":["post-23","page","type-page","status-publish","hentry"],"_links":{"self":[{"href":"https:\/\/www.anidrom.es\/index.php\/wp-json\/wp\/v2\/pages\/23","targetHints":{"allow":["GET"]}}],"collection":[{"href":"https:\/\/www.anidrom.es\/index.php\/wp-json\/wp\/v2\/pages"}],"about":[{"href":"https:\/\/www.anidrom.es\/index.php\/wp-json\/wp\/v2\/types\/page"}],"author":[{"embeddable":true,"href":"https:\/\/www.anidrom.es\/index.php\/wp-json\/wp\/v2\/users\/1"}],"replies":[{"embeddable":true,"href":"https:\/\/www.anidrom.es\/index.php\/wp-json\/wp\/v2\/comments?post=23"}],"version-history":[{"count":6,"href":"https:\/\/www.anidrom.es\/index.php\/wp-json\/wp\/v2\/pages\/23\/revisions"}],"predecessor-version":[{"id":116,"href":"https:\/\/www.anidrom.es\/index.php\/wp-json\/wp\/v2\/pages\/23\/revisions\/116"}],"wp:attachment":[{"href":"https:\/\/www.anidrom.es\/index.php\/wp-json\/wp\/v2\/media?parent=23"}],"curies":[{"name":"wp","href":"https:\/\/api.w.org\/{rel}","templated":true}]}}