{"id":25,"date":"2024-02-05T13:09:37","date_gmt":"2024-02-05T12:09:37","guid":{"rendered":"http:\/\/www.anidrom.es\/?page_id=25"},"modified":"2024-02-05T13:41:09","modified_gmt":"2024-02-05T12:41:09","slug":"servicios","status":"publish","type":"page","link":"https:\/\/www.anidrom.es\/index.php\/servicios\/","title":{"rendered":"SERVICIOS"},"content":{"rendered":"\n<p>Son destinatarias del servicio\u00a0<strong>ANIDROM<\/strong>, todas aquellas personas en situaci\u00f3n de dependencia y\/o mayores de 65 a\u00f1os que precisen cuidados y\/o ayuda en sus domicilios para realizar tareas b\u00e1sicas de la vida diaria y para prevenir posibles situaciones de dependencia e\/o agravamiento de su situaci\u00f3n de dependencia.<\/p>\n\n\n<div class=\"wp-block-image\">\n<figure class=\"aligncenter size-full is-resized\"><img loading=\"lazy\" decoding=\"async\" width=\"560\" height=\"335\" src=\"https:\/\/www.anidrom.es\/wp-content\/uploads\/2024\/02\/servizos4.png\" alt=\"\" class=\"wp-image-70\" style=\"width:382px;height:auto\" srcset=\"https:\/\/www.anidrom.es\/wp-content\/uploads\/2024\/02\/servizos4.png 560w, https:\/\/www.anidrom.es\/wp-content\/uploads\/2024\/02\/servizos4-300x179.png 300w\" sizes=\"auto, (max-width: 560px) 100vw, 560px\" \/><\/figure>\n<\/div>\n\n\n<p>Como fundamento y ejemplo, de cara a mostrar lo que consideramos debe guiar nuestro trabajo, recogemos una relaci\u00f3n de Derechos de la persona en situaci\u00f3n de dependencia, del manual formativo editado por la Xunta de Galicia y que\u00a0<strong>ANIDROM<\/strong>\u00a0subscribe completamente.<\/p>\n\n\n\n<hr class=\"wp-block-separator has-alpha-channel-opacity\"\/>\n\n\n\n<ul class=\"wp-block-list\">\n<li>A acceder en condiciones de igualdad las prestaciones y servicios que contempla la legislaci\u00f3n.<\/li>\n\n\n\n<li>A gozar de los derechos humanos y libertades fundamentales, con pleno respecto \u00e1 su dignidad e intimidad.<\/li>\n\n\n\n<li>A recibir, en t\u00e9rminos comprensibles y accesibles, informaci\u00f3n completa y continuada relacionada con su situaci\u00f3n de dependencia.<\/li>\n\n\n\n<li>A que se respecte la confidencialidad de sus datos.<\/li>\n\n\n\n<li>A decidir, en cuanto tenga capacidad de obrar suficiente, sobre su persona, bienes y patrimonio e prever acciones para cuando le falte el autogobierno.<\/li>\n\n\n\n<li>A decidir libremente sobre el ingreso en un centro residencial.<\/li>\n\n\n\n<li>A no recibir discriminaci\u00f3n de trato y atenciones.<\/li>\n\n\n\n<li>A aplicar las prestaciones y servicios obtenidos de la Administraci\u00f3n para aquello para lo que fueron otorgadas.<\/li>\n\n\n\n<li>A ser informado del diagn\u00f3stico en grao que desee.<\/li>\n\n\n\n<li>A tener acceso a cuidados socio sanitarios ajustados.<\/li>\n\n\n\n<li>A participar en las decisiones que incumben a su persona.<\/li>\n\n\n\n<li>A permanecer activo en el trabajo en el ocio y en la vida diaria el tempo que le sea posible.<\/li>\n\n\n\n<li>A ser tratado con dignidad.<\/li>\n\n\n\n<li>A expresar sentimientos y que los tengan en cuenta.<\/li>\n\n\n\n<li>A vivir en un entorno familiar y social seguro, estable e estructurado.<\/li>\n\n\n\n<li>A mantener actividades estimulantes.<\/li>\n\n\n\n<li>A salir regularmente a la calle.<\/li>\n\n\n\n<li>A recibir afecto con contacto f\u00edsico: bicos, caricias, abrazos\u2026<\/li>\n\n\n\n<li>A ser atendido por personas capacitadas para su cuidado.<\/li>\n\n\n\n<li>A que respondan a sus preguntas y a no ser enga\u00f1ado.<\/li>\n<\/ul>\n","protected":false},"excerpt":{"rendered":"<p>Son destinatarias del servicio\u00a0ANIDROM, todas aquellas personas en situaci\u00f3n de dependencia y\/o mayores de 65 a\u00f1os que precisen cuidados y\/o ayuda en sus domicilios para realizar tareas b\u00e1sicas de la vida diaria y para prevenir posibles situaciones de dependencia e\/o agravamiento de su situaci\u00f3n de dependencia. Como fundamento y ejemplo, de cara a mostrar lo&hellip;<\/p>\n","protected":false},"author":1,"featured_media":0,"parent":0,"menu_order":0,"comment_status":"closed","ping_status":"closed","template":"","meta":{"footnotes":""},"class_list":["post-25","page","type-page","status-publish","hentry"],"_links":{"self":[{"href":"https:\/\/www.anidrom.es\/index.php\/wp-json\/wp\/v2\/pages\/25","targetHints":{"allow":["GET"]}}],"collection":[{"href":"https:\/\/www.anidrom.es\/index.php\/wp-json\/wp\/v2\/pages"}],"about":[{"href":"https:\/\/www.anidrom.es\/index.php\/wp-json\/wp\/v2\/types\/page"}],"author":[{"embeddable":true,"href":"https:\/\/www.anidrom.es\/index.php\/wp-json\/wp\/v2\/users\/1"}],"replies":[{"embeddable":true,"href":"https:\/\/www.anidrom.es\/index.php\/wp-json\/wp\/v2\/comments?post=25"}],"version-history":[{"count":5,"href":"https:\/\/www.anidrom.es\/index.php\/wp-json\/wp\/v2\/pages\/25\/revisions"}],"predecessor-version":[{"id":73,"href":"https:\/\/www.anidrom.es\/index.php\/wp-json\/wp\/v2\/pages\/25\/revisions\/73"}],"wp:attachment":[{"href":"https:\/\/www.anidrom.es\/index.php\/wp-json\/wp\/v2\/media?parent=25"}],"curies":[{"name":"wp","href":"https:\/\/api.w.org\/{rel}","templated":true}]}}