{"id":27,"date":"2024-02-05T13:09:48","date_gmt":"2024-02-05T12:09:48","guid":{"rendered":"http:\/\/www.anidrom.es\/?page_id=27"},"modified":"2024-02-05T13:44:18","modified_gmt":"2024-02-05T12:44:18","slug":"objetivos","status":"publish","type":"page","link":"https:\/\/www.anidrom.es\/index.php\/objetivos\/","title":{"rendered":"OBJETIVOS"},"content":{"rendered":"\n<h5 class=\"wp-block-heading\">RELACIONADOS CON LAS PERSONAS USUARIAS DEL SERVICIO<\/h5>\n\n\n\n<ul class=\"wp-block-list\">\n<li>Atender las necesidades de la vida diaria de las personas usuarias del servicio en situaci\u00f3n de dependencia, posibilitando que permanezca en su hogar el mayor tiempo posible.<\/li>\n\n\n\n<li>Promocionar y\/o mejorar la autonom\u00eda personal y psicosocial de las personas usuarias del servicio, en situaci\u00f3n de dependencia.<\/li>\n\n\n\n<li>Prevenir posibles situaciones de dependencia y\/o agravamiento de la situaci\u00f3n de dependencia de las personas usuarias del servicio.<\/li>\n<\/ul>\n\n\n\n<h5 class=\"wp-block-heading\">RELACIONADOS CON LAS\/OS PROFESIONALES DEL SERVICIO<\/h5>\n\n\n\n<ul class=\"wp-block-list\">\n<li>Promocionar la formaci\u00f3n continua de las profesionales.<\/li>\n\n\n\n<li>Promover la calidad en el trabajo profesional de las auxiliares.<\/li>\n<\/ul>\n\n\n\n<h5 class=\"wp-block-heading\">RELACIONADOS CON LA EMPRESA<\/h5>\n\n\n\n<ul class=\"wp-block-list\">\n<li>Adaptarse a la normativa vigente para obtener un servicio de calidad y en calidad.<\/li>\n\n\n\n<li>Promocionar el crecimiento de la empresa tanto en personas usuarias como en personal contratado.<\/li>\n<\/ul>\n\n\n\n<h5 class=\"wp-block-heading\">RELACIONADOS CON LAS PERSONAS USUARIAS DEL SERVICIO<\/h5>\n\n\n\n<ul class=\"wp-block-list\">\n<li>Atender las necesidades personales, dom\u00e9sticas y psicosociales de las personas usuarias del servicio.<\/li>\n\n\n\n<li>Fomentar el bienestar f\u00edsico y emocional de las personas usuarias del servicio.<\/li>\n\n\n\n<li>Promocionar las relaciones interpersonales y la participaci\u00f3n en la comunidad de las personas usuarias del servicio.<\/li>\n\n\n\n<li>Hacer llegar informaci\u00f3n y orientaci\u00f3n sobre los recursos y prestaciones m\u00e1s indicadas para garantizar y\/o mejorar la calidad de vida de las personas usuarias del servicio.<\/li>\n\n\n\n<li>Realizar control y seguimiento de los servicios contratados.<\/li>\n<\/ul>\n\n\n\n<h5 class=\"wp-block-heading\">RELACIONADOS CON LAS\/LOS PROFESIONALES DEL SERVICIO<\/h5>\n\n\n\n<ul class=\"wp-block-list\">\n<li>Promover el acceso de las auxiliares a las pruebas de cara a la obtenci\u00f3n de su cualificaci\u00f3n profesional<\/li>\n\n\n\n<li>Perseguir la formaci\u00f3n y continuidad de un equipo profesional y coordinado.<\/li>\n\n\n\n<li>Realizar control y seguimiento de casos de cara a mejorar la calidad de las intervenciones.<\/li>\n<\/ul>\n\n\n\n<h5 class=\"wp-block-heading\">RELACIONADOS CON LA EMPRESA:<\/h5>\n\n\n\n<ul class=\"wp-block-list\">\n<li>Realizar controles y supervisi\u00f3n continuada de la calidad del servicio<\/li>\n\n\n\n<li>Analizar debilidades y fortalezas de la empresa para conseguir una empresa proactiva.<\/li>\n<\/ul>\n","protected":false},"excerpt":{"rendered":"<p>RELACIONADOS CON LAS PERSONAS USUARIAS DEL SERVICIO RELACIONADOS CON LAS\/OS PROFESIONALES DEL SERVICIO RELACIONADOS CON LA EMPRESA RELACIONADOS CON LAS PERSONAS USUARIAS DEL SERVICIO RELACIONADOS CON LAS\/LOS PROFESIONALES DEL SERVICIO RELACIONADOS CON LA EMPRESA:<\/p>\n","protected":false},"author":1,"featured_media":0,"parent":0,"menu_order":0,"comment_status":"closed","ping_status":"closed","template":"","meta":{"footnotes":""},"class_list":["post-27","page","type-page","status-publish","hentry"],"_links":{"self":[{"href":"https:\/\/www.anidrom.es\/index.php\/wp-json\/wp\/v2\/pages\/27","targetHints":{"allow":["GET"]}}],"collection":[{"href":"https:\/\/www.anidrom.es\/index.php\/wp-json\/wp\/v2\/pages"}],"about":[{"href":"https:\/\/www.anidrom.es\/index.php\/wp-json\/wp\/v2\/types\/page"}],"author":[{"embeddable":true,"href":"https:\/\/www.anidrom.es\/index.php\/wp-json\/wp\/v2\/users\/1"}],"replies":[{"embeddable":true,"href":"https:\/\/www.anidrom.es\/index.php\/wp-json\/wp\/v2\/comments?post=27"}],"version-history":[{"count":5,"href":"https:\/\/www.anidrom.es\/index.php\/wp-json\/wp\/v2\/pages\/27\/revisions"}],"predecessor-version":[{"id":77,"href":"https:\/\/www.anidrom.es\/index.php\/wp-json\/wp\/v2\/pages\/27\/revisions\/77"}],"wp:attachment":[{"href":"https:\/\/www.anidrom.es\/index.php\/wp-json\/wp\/v2\/media?parent=27"}],"curies":[{"name":"wp","href":"https:\/\/api.w.org\/{rel}","templated":true}]}}